{"id":237,"date":"2025-01-27T14:42:39","date_gmt":"2025-01-27T13:42:39","guid":{"rendered":"https:\/\/www.laich-medical.ch\/prodotti\/"},"modified":"2025-02-11T17:14:59","modified_gmt":"2025-02-11T16:14:59","slug":"prodotti","status":"publish","type":"page","link":"https:\/\/auriga-medica.ch\/it\/prodotti\/","title":{"rendered":"Prodotti"},"content":{"rendered":"\n<p>Scoprite i nostri dispositivi moderni per la terapia ad onde d&#8217;urto e l&#8217;ortopedia. Con tecnologie innovative e un design ergonomico, offriamo soluzioni efficaci e a misura di paziente per il vostro studio o clinica. <\/p>\n<div class=\"block-produkte\">\n\t\t<ul uk-tab>\n\t\t\t\t\t\t\t\t\t\t<li class=\"uk-active\">\n\t\t\t\t\t\t\t\t<a href=\"#tab-angiologie-it\">\n\t\t\t\t\t\t\t\t\t\tAngiologia\t\t\t\t\t\t\t\t<\/a>\n\t\t\t\t\t\t<\/li>\n\t\t\t\t\t\t\t\t\t\t<li class=\"\">\n\t\t\t\t\t\t\t\t<a href=\"#tab-orthopaedie-it\">\n\t\t\t\t\t\t\t\t\t\tOrtopedia\t\t\t\t\t\t\t\t<\/a>\n\t\t\t\t\t\t<\/li>\n\t\t\t\t\t\t<\/ul>\n\n\t\t<ul class=\"uk-switcher uk-margin\">\n\t\t\t\t\t\t\t\t\t\t<li id=\"tab-angiologie-it\">\n\t\t\t\t\t\t\t\t<div class=\"uk-grid uk-child-width-1-1@m\" uk-grid>\n\t\t\t\t\t\t\t\t\t\t\t\t\t\t\t\t\t\t\t\t\t\t\t\t<div>\n\t\t\t\t\t\t\t\t\t\t\t\t\t\t\t\t<div class=\"uk-card uk-card-default uk-card-body\">\n\t\t\t\t\t\t\t\t\t\t\t\t\t\t\t\t\t<div uk-grid>\n\t\t\t\t\t\t\t\t\t\t\t\t\t\t\t\t\t\t<div class=\"uk-width-1-2@m\">\n\t\t\t\t\t\t\t\t\t\t\t\t\t\t\t\t\t\t\t\t\t\t\t\t\t\t\t\t\t\t\t\t\t\t\t\t\t\t\t<img decoding=\"async\" src=\"https:\/\/auriga-medica.ch\/wp-content\/uploads\/2025\/06\/optilia.png\" alt=\"\" \/>\n\t\t\t\t\t\t\t\t\t\t\t\t\t\t\t\t\t\t\t\t\t\t\t\t\t\t\t\t\t\t\t\t\t\t\t\t\t\t\n\t\t\t\t\t\t\t\t\t\t\t\t\t\t\t\t\t\t<\/div>\n\t\t\t\t\t\t\t\t\t\t\t\t\t\t\t\t\t\t<div class=\"uk-width-1-2@m\">\n\t\t\t\t\t\t\t\t\t\t\t\t\t\t\t\t\t\t\t<h3 class=\"uk-card-title\">Microscopia capillare Optilia<\/h3>\n\t\t\t\t\t\t\t\t\t\t\t\t\t\t\t\t\t\t\t\t\t\t\t\t\t\t\t\t\t\t\t\t\t\t\t\t\t\t\tLa microscopia capillare \u00e8 uno strumento diagnostico non invasivo ed efficace per indagare i cambiamenti microvascolari associati a malattie angiologiche e reumatiche.\t\t\t\t\t\t\t\t\t\t\t\t\t\t\t\t\t\t\t\t\t\t\t\t\t\t\t\t\t\t\t\t\t\t\t\t\t\n\t\t\t\t\t\t\t\t\t\t\t\t\t\t\t\t\t\t<a href=\"https:\/\/auriga-medica.ch\/it\/produkt\/microscopia-capillare-optilia\/\" class=\"more\">Dettagli sul dispositivo \u2192<\/a>\n\t\t\t\t\t\t\t\t\t\t\t\t\t\t\t\t\t<\/div>\n\t\t\t\t\t\t\t\t\t\t\t\t\t\t\t\t<\/div>\n\t\t\t\t\t\t\t\t\t\t\t\t\t\t<\/div>\n\t\t\t\t\t\t\t\t\t\t\t\t\t\t<\/div>\n\t\t\t\t\t\t\t\t\t\t\t\t\t\t\t\t\t\t\t\t\t\t\t\t\t\t<div>\n\t\t\t\t\t\t\t\t\t\t\t\t\t\t\t\t<div class=\"uk-card uk-card-default uk-card-body\">\n\t\t\t\t\t\t\t\t\t\t\t\t\t\t\t\t\t<div uk-grid>\n\t\t\t\t\t\t\t\t\t\t\t\t\t\t\t\t\t\t<div class=\"uk-width-1-2@m\">\n\t\t\t\t\t\t\t\t\t\t\t\t\t\t\t\t\t\t\t\t\t\t\t\t\t\t\t\t\t\t\t\t\t\t\t\t\t\t\t<img decoding=\"async\" src=\"https:\/\/auriga-medica.ch\/wp-content\/uploads\/2025\/01\/web_twist_diode_10w_mediacal_laser_1940nm_metrum_cryoflex.png\" alt=\"Dioden\" \/>\n\t\t\t\t\t\t\t\t\t\t\t\t\t\t\t\t\t\t\t\t\t\t\t\t\t\t\t\t\t\t\t\t\t\t\t\t\t\t\n\t\t\t\t\t\t\t\t\t\t\t\t\t\t\t\t\t\t<\/div>\n\t\t\t\t\t\t\t\t\t\t\t\t\t\t\t\t\t\t<div class=\"uk-width-1-2@m\">\n\t\t\t\t\t\t\t\t\t\t\t\t\t\t\t\t\t\t\t<h3 class=\"uk-card-title\">TWIST 1940 nm<\/h3>\n\t\t\t\t\t\t\t\t\t\t\t\t\t\t\t\t\t\t\t\t\t\t\t\t\t\t\t\t\t\t\t\t\t\t\t\t\t\t\tUn laser a diodi all&#8217;avanguardia, appositamente progettato per il trattamento delle vene varicose (EVLT). Combina tecnologie innovative con un design intuitivo per consentire procedure sicure e quasi indolori. Grazie alla sua alta capacit\u00e0 di assorbimento e al trasferimento energetico efficace, il laser offre un&#8217;efficienza di trattamento superiore e garantisce tempi di recupero brevi. Uno strumento ideale per la flebologia moderna, che convince sia i pazienti che i professionisti.   \t\t\t\t\t\t\t\t\t\t\t\t\t\t\t\t\t\t\t\t\t\t\t\t\t\t\t\t\t\t\t\t\t\t\t\t\t\n\t\t\t\t\t\t\t\t\t\t\t\t\t\t\t\t\t\t<a href=\"https:\/\/auriga-medica.ch\/it\/produkt\/twist-1940-nm\/\" class=\"more\">Dettagli sul dispositivo \u2192<\/a>\n\t\t\t\t\t\t\t\t\t\t\t\t\t\t\t\t\t<\/div>\n\t\t\t\t\t\t\t\t\t\t\t\t\t\t\t\t<\/div>\n\t\t\t\t\t\t\t\t\t\t\t\t\t\t<\/div>\n\t\t\t\t\t\t\t\t\t\t\t\t\t\t<\/div>\n\t\t\t\t\t\t\t\t\t\t\t\t\t\t\t\t\t\t\t\t\t\t\t\t\t\t<div>\n\t\t\t\t\t\t\t\t\t\t\t\t\t\t\t\t<div class=\"uk-card uk-card-default uk-card-body\">\n\t\t\t\t\t\t\t\t\t\t\t\t\t\t\t\t\t<div uk-grid>\n\t\t\t\t\t\t\t\t\t\t\t\t\t\t\t\t\t\t<div class=\"uk-width-1-2@m\">\n\t\t\t\t\t\t\t\t\t\t\t\t\t\t\t\t\t\t\t\t\t\t\t\t\t\t\t\t\t\t\t\t\t\t\t\t\t\t\t<img decoding=\"async\" src=\"https:\/\/auriga-medica.ch\/wp-content\/uploads\/2025\/01\/ange-pro8.png\" alt=\"AngE Pro 8 kardiovaskul\u00e4res screening\" \/>\n\t\t\t\t\t\t\t\t\t\t\t\t\t\t\t\t\t\t\t\t\t\t\t\t\t\t\t\t\t\t\t\t\t\t\t\t\t\t\n\t\t\t\t\t\t\t\t\t\t\t\t\t\t\t\t\t\t<\/div>\n\t\t\t\t\t\t\t\t\t\t\t\t\t\t\t\t\t\t<div class=\"uk-width-1-2@m\">\n\t\t\t\t\t\t\t\t\t\t\t\t\t\t\t\t\t\t\t<h3 class=\"uk-card-title\">AngE Pro 8<\/h3>\n\t\t\t\t\t\t\t\t\t\t\t\t\t\t\t\t\t\t\t\t\t\t\t\t\t\t\t\t\t\t\t\t\t\t\t\t\t\t\tL&#8217;AngE Pro 8 consente una valutazione cardiovascolare in soli due minuti grazie a un&#8217;oscillografia pulsata simultanea a 4 canali su braccia e caviglie. Misura diversi parametri come l&#8217;indice caviglia-braccio (ABI), la velocit\u00e0 dell&#8217;onda di polso (PWG) e l&#8217;indice dell&#8217;onda di polso (PWI), indipendentemente dalla pressione sanguigna e dalla calcificazione arteriosa. Il dispositivo \u00e8 compatibile con macOS e Windows ed \u00e8 adatto per diagnosticare condizioni come la PAD (malattia arteriosa periferica), la rigidit\u00e0 arteriosa e le aritmie cardiache.  \t\t\t\t\t\t\t\t\t\t\t\t\t\t\t\t\t\t\t\t\t\t\t\t\t\t\t\t\t\t\t\t\t\t\t\t\t\n\t\t\t\t\t\t\t\t\t\t\t\t\t\t\t\t\t\t<a href=\"https:\/\/auriga-medica.ch\/it\/produkt\/ange-pro-8\/\" class=\"more\">Dettagli sul dispositivo \u2192<\/a>\n\t\t\t\t\t\t\t\t\t\t\t\t\t\t\t\t\t<\/div>\n\t\t\t\t\t\t\t\t\t\t\t\t\t\t\t\t<\/div>\n\t\t\t\t\t\t\t\t\t\t\t\t\t\t<\/div>\n\t\t\t\t\t\t\t\t\t\t\t\t\t\t<\/div>\n\t\t\t\t\t\t\t\t\t\t\t\t\t\t\t\t\t\t\t\t\t\t\t\t\t\t<div>\n\t\t\t\t\t\t\t\t\t\t\t\t\t\t\t\t<div class=\"uk-card uk-card-default uk-card-body\">\n\t\t\t\t\t\t\t\t\t\t\t\t\t\t\t\t\t<div uk-grid>\n\t\t\t\t\t\t\t\t\t\t\t\t\t\t\t\t\t\t<div class=\"uk-width-1-2@m\">\n\t\t\t\t\t\t\t\t\t\t\t\t\t\t\t\t\t\t\t\t\t\t\t\t\t\t\t\t\t\t\t\t\t\t\t\t\t\t\t<img decoding=\"async\" src=\"https:\/\/auriga-medica.ch\/wp-content\/uploads\/2025\/01\/ange-pro4.png\" alt=\"AngE Pro 4 kardiovaskul\u00e4res screening\" \/>\n\t\t\t\t\t\t\t\t\t\t\t\t\t\t\t\t\t\t\t\t\t\t\t\t\t\t\t\t\t\t\t\t\t\t\t\t\t\t\n\t\t\t\t\t\t\t\t\t\t\t\t\t\t\t\t\t\t<\/div>\n\t\t\t\t\t\t\t\t\t\t\t\t\t\t\t\t\t\t<div class=\"uk-width-1-2@m\">\n\t\t\t\t\t\t\t\t\t\t\t\t\t\t\t\t\t\t\t<h3 class=\"uk-card-title\">AngE Pro 4<\/h3>\n\t\t\t\t\t\t\t\t\t\t\t\t\t\t\t\t\t\t\t\t\t\t\t\t\t\t\t\t\t\t\t\t\t\t\t\t\t\t\tL&#8217;AngE Pro 4 consente una valutazione cardiovascolare in soli due minuti grazie a un&#8217;oscillografia pulsata simultanea a 4 canali su braccia e caviglie. Misura diversi parametri come l&#8217;indice caviglia-braccio (ABI), la velocit\u00e0 dell&#8217;onda di polso (PWG) e l&#8217;indice dell&#8217;onda di polso (PWI), indipendentemente dalla pressione sanguigna e dalla calcificazione arteriosa. Il dispositivo \u00e8 compatibile con macOS e Windows ed \u00e8 adatto per diagnosticare condizioni come la PAD (malattia arteriosa periferica), la rigidit\u00e0 arteriosa e le aritmie cardiache.  \t\t\t\t\t\t\t\t\t\t\t\t\t\t\t\t\t\t\t\t\t\t\t\t\t\t\t\t\t\t\t\t\t\t\t\t\t\n\t\t\t\t\t\t\t\t\t\t\t\t\t\t\t\t\t\t<a href=\"https:\/\/auriga-medica.ch\/it\/produkt\/ange-pro-4\/\" class=\"more\">Dettagli sul dispositivo \u2192<\/a>\n\t\t\t\t\t\t\t\t\t\t\t\t\t\t\t\t\t<\/div>\n\t\t\t\t\t\t\t\t\t\t\t\t\t\t\t\t<\/div>\n\t\t\t\t\t\t\t\t\t\t\t\t\t\t<\/div>\n\t\t\t\t\t\t\t\t\t\t\t\t\t\t<\/div>\n\t\t\t\t\t\t\t\t\t\t\t\t\t\t\t\t\t\t\t\t<\/div>\n\t\t\t\t\t\t<\/li>\n\t\t\t\t\t\t\t\t\t\t<li id=\"tab-orthopaedie-it\">\n\t\t\t\t\t\t\t\t<div class=\"uk-grid uk-child-width-1-1@m\" uk-grid>\n\t\t\t\t\t\t\t\t\t\t\t\t\t\t\t\t\t\t\t\t\t\t\t\t<div>\n\t\t\t\t\t\t\t\t\t\t\t\t\t\t\t\t<div class=\"uk-card uk-card-default uk-card-body\">\n\t\t\t\t\t\t\t\t\t\t\t\t\t\t\t\t\t<div uk-grid>\n\t\t\t\t\t\t\t\t\t\t\t\t\t\t\t\t\t\t<div class=\"uk-width-1-2@m\">\n\t\t\t\t\t\t\t\t\t\t\t\t\t\t\t\t\t\t\t\t\t\t\t\t\t\t\t\t\t\t\t\t\t\t\t\t\t\t\t<img decoding=\"async\" src=\"https:\/\/auriga-medica.ch\/wp-content\/uploads\/2025\/01\/2i-armed.png\" alt=\"Likawave Vario 2i Stosswellentherapieger\u00e4t\" \/>\n\t\t\t\t\t\t\t\t\t\t\t\t\t\t\t\t\t\t\t\t\t\t\t\t\t\t\t\t\t\t\t\t\t\t\t\t\t\t\n\t\t\t\t\t\t\t\t\t\t\t\t\t\t\t\t\t\t<\/div>\n\t\t\t\t\t\t\t\t\t\t\t\t\t\t\t\t\t\t<div class=\"uk-width-1-2@m\">\n\t\t\t\t\t\t\t\t\t\t\t\t\t\t\t\t\t\t\t<h3 class=\"uk-card-title\">LiKAWAVE\u00ae VARIO 2i<\/h3>\n\t\t\t\t\t\t\t\t\t\t\t\t\t\t\t\t\t\t\t\t\t\t\t\t\t\t\t\t\t\t\t\t\t\t\t\t\t\t\tIl LiKAWAVE\u00ae VARIO 2i \u00e8 un dispositivo innovativo per la terapia ad onde d&#8217;urto che offre un facile accesso alla classe moderna dei dispositivi ESWT. \u00c8 stato progettato specificamente per un&#8217;applicazione intuitiva, combinando una terapia efficace con tutte le funzioni di base rilevanti e i principali vantaggi ergonomici della famiglia i. Con la sua tecnologia ad alta energia &#8220;Wide Focussing&#8221;, genera un fuoco superficiale che consente un trattamento preciso e profondo. Il proiettile in ceramica HD garantisce livelli di energia pi\u00f9 elevati e trattamenti pi\u00f9 confortevoli, migliorando la tolleranza al dolore dei pazienti.   \t\t\t\t\t\t\t\t\t\t\t\t\t\t\t\t\t\t\t\t\t\t\t\t\t\t\t\t\t\t\t\t\t\t\t\t\t\n\t\t\t\t\t\t\t\t\t\t\t\t\t\t\t\t\t\t<a href=\"https:\/\/auriga-medica.ch\/it\/produkt\/likawave-vario-2i\/\" class=\"more\">Dettagli sul dispositivo \u2192<\/a>\n\t\t\t\t\t\t\t\t\t\t\t\t\t\t\t\t\t<\/div>\n\t\t\t\t\t\t\t\t\t\t\t\t\t\t\t\t<\/div>\n\t\t\t\t\t\t\t\t\t\t\t\t\t\t<\/div>\n\t\t\t\t\t\t\t\t\t\t\t\t\t\t<\/div>\n\t\t\t\t\t\t\t\t\t\t\t\t\t\t\t\t\t\t\t\t\t\t\t\t\t\t<div>\n\t\t\t\t\t\t\t\t\t\t\t\t\t\t\t\t<div class=\"uk-card uk-card-default uk-card-body\">\n\t\t\t\t\t\t\t\t\t\t\t\t\t\t\t\t\t<div uk-grid>\n\t\t\t\t\t\t\t\t\t\t\t\t\t\t\t\t\t\t<div class=\"uk-width-1-2@m\">\n\t\t\t\t\t\t\t\t\t\t\t\t\t\t\t\t\t\t\t\t\t\t\t\t\t\t\t\t\t\t\t\t\t\t\t\t\t\t\t<img decoding=\"async\" src=\"https:\/\/auriga-medica.ch\/wp-content\/uploads\/2025\/01\/csm_LiKAWAVE-VARIO-3i-right_20fdf89eb1.png\" alt=\"vario 3i stosswellentherapie \" \/>\n\t\t\t\t\t\t\t\t\t\t\t\t\t\t\t\t\t\t\t\t\t\t\t\t\t\t\t\t\t\t\t\t\t\t\t\t\t\t\n\t\t\t\t\t\t\t\t\t\t\t\t\t\t\t\t\t\t<\/div>\n\t\t\t\t\t\t\t\t\t\t\t\t\t\t\t\t\t\t<div class=\"uk-width-1-2@m\">\n\t\t\t\t\t\t\t\t\t\t\t\t\t\t\t\t\t\t\t<h3 class=\"uk-card-title\">LiKAWAVE\u00ae VARIO 3i<\/h3>\n\t\t\t\t\t\t\t\t\t\t\t\t\t\t\t\t\t\t\t\t\t\t\t\t\t\t\t\t\t\t\t\t\t\t\t\t\t\t\tIl LiKAWAVE\u00ae VARIO 3i \u00e8 un dispositivo per la terapia ad onde d&#8217;urto di fascia alta sviluppato in collaborazione con ortopedici. Fornisce una terapia che preserva le cellule per applicazioni nella guarigione delle ferite, nella medicina sportiva e nella cosmetica. Il dispositivo si distingue per la sua ergonomia e tecnologie innovative, come la sorgente di impulsi &#8220;Wide Focussing&#8221; e i proiettili in ceramica HD, che consentono un trattamento efficace anche negli strati pi\u00f9 profondi dei tessuti.  \t\t\t\t\t\t\t\t\t\t\t\t\t\t\t\t\t\t\t\t\t\t\t\t\t\t\t\t\t\t\t\t\t\t\t\t\t\n\t\t\t\t\t\t\t\t\t\t\t\t\t\t\t\t\t\t<a href=\"https:\/\/auriga-medica.ch\/it\/produkt\/likawave-vario-3i\/\" class=\"more\">Dettagli sul dispositivo \u2192<\/a>\n\t\t\t\t\t\t\t\t\t\t\t\t\t\t\t\t\t<\/div>\n\t\t\t\t\t\t\t\t\t\t\t\t\t\t\t\t<\/div>\n\t\t\t\t\t\t\t\t\t\t\t\t\t\t<\/div>\n\t\t\t\t\t\t\t\t\t\t\t\t\t\t<\/div>\n\t\t\t\t\t\t\t\t\t\t\t\t\t\t\t\t\t\t\t\t<\/div>\n\t\t\t\t\t\t<\/li>\n\t\t\t\t\t\t<\/ul>\n\n<\/div>","protected":false},"excerpt":{"rendered":"Scoprite i nostri dispositivi moderni per la terapia ad onde d&#8217;urto e l&#8217;ortopedia. Con tecnologie innovative e un design ergonomico, offriamo soluzioni efficaci e a misura di paziente per il vostro studio o clinica.","protected":false},"author":1,"featured_media":0,"parent":0,"menu_order":0,"comment_status":"closed","ping_status":"closed","template":"","meta":{"_acf_changed":false,"footnotes":""},"class_list":["post-237","page","type-page","status-publish","hentry"],"acf":[],"yoast_head":"<!-- This site is optimized with the Yoast SEO plugin v27.5 - https:\/\/yoast.com\/product\/yoast-seo-wordpress\/ -->\n<title>Prodotti - Auriga Medica<\/title>\n<meta name=\"robots\" content=\"index, follow, max-snippet:-1, max-image-preview:large, max-video-preview:-1\" \/>\n<link rel=\"canonical\" href=\"https:\/\/auriga-medica.ch\/it\/prodotti\/\" \/>\n<meta property=\"og:locale\" content=\"it_IT\" \/>\n<meta property=\"og:type\" content=\"article\" \/>\n<meta property=\"og:title\" content=\"Prodotti - Auriga Medica\" \/>\n<meta property=\"og:description\" content=\"Scoprite i nostri dispositivi moderni per la terapia ad onde d&#8217;urto e l&#8217;ortopedia. Con tecnologie innovative e un design ergonomico, offriamo soluzioni efficaci e a misura di paziente per il vostro studio o clinica.\" \/>\n<meta property=\"og:url\" content=\"https:\/\/auriga-medica.ch\/it\/prodotti\/\" \/>\n<meta property=\"og:site_name\" content=\"Auriga Medica\" \/>\n<meta property=\"article:modified_time\" content=\"2025-02-11T16:14:59+00:00\" \/>\n<meta name=\"twitter:card\" content=\"summary_large_image\" \/>\n<script type=\"application\/ld+json\" class=\"yoast-schema-graph\">{\"@context\":\"https:\\\/\\\/schema.org\",\"@graph\":[{\"@type\":\"WebPage\",\"@id\":\"https:\\\/\\\/auriga-medica.ch\\\/it\\\/prodotti\\\/\",\"url\":\"https:\\\/\\\/auriga-medica.ch\\\/it\\\/prodotti\\\/\",\"name\":\"Prodotti - Auriga Medica\",\"isPartOf\":{\"@id\":\"https:\\\/\\\/auriga-medica.ch\\\/#website\"},\"datePublished\":\"2025-01-27T13:42:39+00:00\",\"dateModified\":\"2025-02-11T16:14:59+00:00\",\"breadcrumb\":{\"@id\":\"https:\\\/\\\/auriga-medica.ch\\\/it\\\/prodotti\\\/#breadcrumb\"},\"inLanguage\":\"it-IT\",\"potentialAction\":[{\"@type\":\"ReadAction\",\"target\":[\"https:\\\/\\\/auriga-medica.ch\\\/it\\\/prodotti\\\/\"]}]},{\"@type\":\"BreadcrumbList\",\"@id\":\"https:\\\/\\\/auriga-medica.ch\\\/it\\\/prodotti\\\/#breadcrumb\",\"itemListElement\":[{\"@type\":\"ListItem\",\"position\":1,\"name\":\"Home\",\"item\":\"https:\\\/\\\/auriga-medica.ch\\\/it\\\/\"},{\"@type\":\"ListItem\",\"position\":2,\"name\":\"Prodotti\"}]},{\"@type\":\"WebSite\",\"@id\":\"https:\\\/\\\/auriga-medica.ch\\\/#website\",\"url\":\"https:\\\/\\\/auriga-medica.ch\\\/\",\"name\":\"Auriga Medica\",\"description\":\"\",\"potentialAction\":[{\"@type\":\"SearchAction\",\"target\":{\"@type\":\"EntryPoint\",\"urlTemplate\":\"https:\\\/\\\/auriga-medica.ch\\\/?s={search_term_string}\"},\"query-input\":{\"@type\":\"PropertyValueSpecification\",\"valueRequired\":true,\"valueName\":\"search_term_string\"}}],\"inLanguage\":\"it-IT\"}]}<\/script>\n<!-- \/ Yoast SEO plugin. -->","yoast_head_json":{"title":"Prodotti - Auriga Medica","robots":{"index":"index","follow":"follow","max-snippet":"max-snippet:-1","max-image-preview":"max-image-preview:large","max-video-preview":"max-video-preview:-1"},"canonical":"https:\/\/auriga-medica.ch\/it\/prodotti\/","og_locale":"it_IT","og_type":"article","og_title":"Prodotti - Auriga Medica","og_description":"Scoprite i nostri dispositivi moderni per la terapia ad onde d&#8217;urto e l&#8217;ortopedia. Con tecnologie innovative e un design ergonomico, offriamo soluzioni efficaci e a misura di paziente per il vostro studio o clinica.","og_url":"https:\/\/auriga-medica.ch\/it\/prodotti\/","og_site_name":"Auriga Medica","article_modified_time":"2025-02-11T16:14:59+00:00","twitter_card":"summary_large_image","schema":{"@context":"https:\/\/schema.org","@graph":[{"@type":"WebPage","@id":"https:\/\/auriga-medica.ch\/it\/prodotti\/","url":"https:\/\/auriga-medica.ch\/it\/prodotti\/","name":"Prodotti - Auriga Medica","isPartOf":{"@id":"https:\/\/auriga-medica.ch\/#website"},"datePublished":"2025-01-27T13:42:39+00:00","dateModified":"2025-02-11T16:14:59+00:00","breadcrumb":{"@id":"https:\/\/auriga-medica.ch\/it\/prodotti\/#breadcrumb"},"inLanguage":"it-IT","potentialAction":[{"@type":"ReadAction","target":["https:\/\/auriga-medica.ch\/it\/prodotti\/"]}]},{"@type":"BreadcrumbList","@id":"https:\/\/auriga-medica.ch\/it\/prodotti\/#breadcrumb","itemListElement":[{"@type":"ListItem","position":1,"name":"Home","item":"https:\/\/auriga-medica.ch\/it\/"},{"@type":"ListItem","position":2,"name":"Prodotti"}]},{"@type":"WebSite","@id":"https:\/\/auriga-medica.ch\/#website","url":"https:\/\/auriga-medica.ch\/","name":"Auriga Medica","description":"","potentialAction":[{"@type":"SearchAction","target":{"@type":"EntryPoint","urlTemplate":"https:\/\/auriga-medica.ch\/?s={search_term_string}"},"query-input":{"@type":"PropertyValueSpecification","valueRequired":true,"valueName":"search_term_string"}}],"inLanguage":"it-IT"}]}},"_links":{"self":[{"href":"https:\/\/auriga-medica.ch\/it\/wp-json\/wp\/v2\/pages\/237","targetHints":{"allow":["GET"]}}],"collection":[{"href":"https:\/\/auriga-medica.ch\/it\/wp-json\/wp\/v2\/pages"}],"about":[{"href":"https:\/\/auriga-medica.ch\/it\/wp-json\/wp\/v2\/types\/page"}],"author":[{"embeddable":true,"href":"https:\/\/auriga-medica.ch\/it\/wp-json\/wp\/v2\/users\/1"}],"replies":[{"embeddable":true,"href":"https:\/\/auriga-medica.ch\/it\/wp-json\/wp\/v2\/comments?post=237"}],"version-history":[{"count":1,"href":"https:\/\/auriga-medica.ch\/it\/wp-json\/wp\/v2\/pages\/237\/revisions"}],"predecessor-version":[{"id":238,"href":"https:\/\/auriga-medica.ch\/it\/wp-json\/wp\/v2\/pages\/237\/revisions\/238"}],"wp:attachment":[{"href":"https:\/\/auriga-medica.ch\/it\/wp-json\/wp\/v2\/media?parent=237"}],"curies":[{"name":"wp","href":"https:\/\/api.w.org\/{rel}","templated":true}]}}