{"id":241,"date":"2025-01-27T14:43:16","date_gmt":"2025-01-27T13:43:16","guid":{"rendered":"https:\/\/www.laich-medical.ch\/prestations\/"},"modified":"2025-02-11T17:42:16","modified_gmt":"2025-02-11T16:42:16","slug":"prestations","status":"publish","type":"page","link":"https:\/\/auriga-medica.ch\/fr\/prestations\/","title":{"rendered":"Prestations"},"content":{"rendered":"\n<div class=\"wp-block-columns is-layout-flex wp-container-core-columns-is-layout-9d6595d7 wp-block-columns-is-layout-flex\">\n<div class=\"wp-block-column is-layout-flow wp-block-column-is-layout-flow\">\n<h2 class=\"wp-block-heading has-blau-color has-text-color has-link-color wp-elements-95f1debc65c72d7f3485fb3f961e27f9\" id=\"headline-10-95\">CH-REP<\/h2>\n\n\n\n<p>\u00cates-vous un fabricant \u00e9tranger de dispositifs m\u00e9dicaux et souhaitez proposer vos produits sur le march\u00e9 suisse ? Pour cela, vous avez besoin d&rsquo;un repr\u00e9sentant autoris\u00e9 en Suisse (CH-REP) qui agit en tant que votre repr\u00e9sentant l\u00e9gal en Suisse et r\u00e9pond aux exigences r\u00e9glementaires. <\/p>\n\n\n\n<p>En tant que repr\u00e9sentant autoris\u00e9 par l&rsquo;Agence suisse des produits th\u00e9rapeutiques (Swissmedic), nous vous offrons un soutien complet pour garantir une entr\u00e9e sur le march\u00e9 suisse fluide et r\u00e9ussie. Forts de notre longue exp\u00e9rience et de notre connaissance approfondie des exigences r\u00e9glementaires, nous vous accompagnons pas \u00e0 pas tout au long du processus. <\/p>\n\n\n\n<p>De l&rsquo;enregistrement de vos produits \u00e0 la conformit\u00e9 avec les r\u00e9glementations suisses, en passant par la communication avec les autorit\u00e9s comp\u00e9tentes \u2013 nous vous accompagnons avec comp\u00e9tence et engagement. Comptez sur notre expertise pour \u00e9tablir vos produits de mani\u00e8re s\u00fbre et efficace sur le march\u00e9 suisse. <\/p>\n<\/div>\n\n\n\n<div class=\"wp-block-column is-layout-flow wp-block-column-is-layout-flow\">\n<h2 class=\"wp-block-heading has-blau-color has-text-color has-link-color wp-elements-656c13cd842f7c607265b3aa0d44a097\" id=\"headline-133-98\">Contractor<\/h2>\n\n\n\n<p>Avez-vous besoin d&rsquo;aide pour la maintenance et les r\u00e9parations de vos appareils ou syst\u00e8mes sur site chez vos clients ? Notre \u00e9quipe de techniciens de service exp\u00e9riment\u00e9s est \u00e0 votre disposition pour garantir un fonctionnement fluide et offrir des solutions rapides et professionnelles. <\/p>\n\n\n\n<p>Nous sommes sp\u00e9cialis\u00e9s dans la technologie m\u00e9dicale, la technique de fabrication et de processus, ainsi que dans l&rsquo;industrie pharmaceutique. Gr\u00e2ce \u00e0 notre expertise approfondie et notre vaste exp\u00e9rience dans ces secteurs exigeants, nous veillons \u00e0 ce que vos syst\u00e8mes fonctionnent toujours de mani\u00e8re optimale.<br\/> <\/p>\n\n\n\n<p>Qu&rsquo;il s&rsquo;agisse de travaux d&rsquo;entretien programm\u00e9s, de r\u00e9parations urgentes ou d&rsquo;optimisations techniques \u2013 vous pouvez compter sur notre comp\u00e9tence et notre fiabilit\u00e9. Ensemble, nous garantissons la qualit\u00e9 et l&rsquo;efficacit\u00e9 de vos processus et produits. <\/p>\n<\/div>\n<\/div>\n","protected":false},"excerpt":{"rendered":"CH-REP \u00cates-vous un fabricant \u00e9tranger de dispositifs m\u00e9dicaux et souhaitez proposer vos produits sur le march\u00e9 suisse ? Pour cela, vous avez besoin d&rsquo;un repr\u00e9sentant autoris\u00e9 en Suisse (CH-REP) qui agit en tant que votre repr\u00e9sentant l\u00e9gal en Suisse et r\u00e9pond aux exigences r\u00e9glementaires. En tant que repr\u00e9sentant autoris\u00e9 par l&rsquo;Agence suisse des produits th\u00e9rapeutiques (Swissmedic), nous vous offrons un soutien complet pour garantir une entr\u00e9e sur le march\u00e9 suisse fluide et r\u00e9ussie. Forts de notre longue exp\u00e9rience et de [&hellip;]","protected":false},"author":1,"featured_media":0,"parent":0,"menu_order":0,"comment_status":"closed","ping_status":"closed","template":"","meta":{"_acf_changed":false,"footnotes":""},"class_list":["post-241","page","type-page","status-publish","hentry"],"acf":[],"yoast_head":"<!-- This site is optimized with the Yoast SEO plugin v27.5 - https:\/\/yoast.com\/product\/yoast-seo-wordpress\/ -->\n<title>Prestations - Auriga Medica<\/title>\n<meta name=\"robots\" content=\"index, follow, max-snippet:-1, max-image-preview:large, max-video-preview:-1\" \/>\n<link rel=\"canonical\" href=\"https:\/\/auriga-medica.ch\/fr\/prestations\/\" \/>\n<meta property=\"og:locale\" content=\"fr_FR\" \/>\n<meta property=\"og:type\" content=\"article\" \/>\n<meta property=\"og:title\" content=\"Prestations - Auriga Medica\" \/>\n<meta property=\"og:description\" content=\"CH-REP \u00cates-vous un fabricant \u00e9tranger de dispositifs m\u00e9dicaux et souhaitez proposer vos produits sur le march\u00e9 suisse ? Pour cela, vous avez besoin d&rsquo;un repr\u00e9sentant autoris\u00e9 en Suisse (CH-REP) qui agit en tant que votre repr\u00e9sentant l\u00e9gal en Suisse et r\u00e9pond aux exigences r\u00e9glementaires. En tant que repr\u00e9sentant autoris\u00e9 par l&rsquo;Agence suisse des produits th\u00e9rapeutiques (Swissmedic), nous vous offrons un soutien complet pour garantir une entr\u00e9e sur le march\u00e9 suisse fluide et r\u00e9ussie. Forts de notre longue exp\u00e9rience et de [&hellip;]\" \/>\n<meta property=\"og:url\" content=\"https:\/\/auriga-medica.ch\/fr\/prestations\/\" \/>\n<meta property=\"og:site_name\" content=\"Auriga Medica\" \/>\n<meta property=\"article:modified_time\" content=\"2025-02-11T16:42:16+00:00\" \/>\n<meta name=\"twitter:card\" content=\"summary_large_image\" \/>\n<meta name=\"twitter:label1\" content=\"Dur\u00e9e de lecture estim\u00e9e\" \/>\n\t<meta name=\"twitter:data1\" content=\"1 minute\" \/>\n<script type=\"application\/ld+json\" class=\"yoast-schema-graph\">{\"@context\":\"https:\\\/\\\/schema.org\",\"@graph\":[{\"@type\":\"WebPage\",\"@id\":\"https:\\\/\\\/auriga-medica.ch\\\/fr\\\/prestations\\\/\",\"url\":\"https:\\\/\\\/auriga-medica.ch\\\/fr\\\/prestations\\\/\",\"name\":\"Prestations - Auriga Medica\",\"isPartOf\":{\"@id\":\"https:\\\/\\\/auriga-medica.ch\\\/#website\"},\"datePublished\":\"2025-01-27T13:43:16+00:00\",\"dateModified\":\"2025-02-11T16:42:16+00:00\",\"breadcrumb\":{\"@id\":\"https:\\\/\\\/auriga-medica.ch\\\/fr\\\/prestations\\\/#breadcrumb\"},\"inLanguage\":\"fr-FR\",\"potentialAction\":[{\"@type\":\"ReadAction\",\"target\":[\"https:\\\/\\\/auriga-medica.ch\\\/fr\\\/prestations\\\/\"]}]},{\"@type\":\"BreadcrumbList\",\"@id\":\"https:\\\/\\\/auriga-medica.ch\\\/fr\\\/prestations\\\/#breadcrumb\",\"itemListElement\":[{\"@type\":\"ListItem\",\"position\":1,\"name\":\"Home\",\"item\":\"https:\\\/\\\/auriga-medica.ch\\\/fr\\\/\"},{\"@type\":\"ListItem\",\"position\":2,\"name\":\"Prestations\"}]},{\"@type\":\"WebSite\",\"@id\":\"https:\\\/\\\/auriga-medica.ch\\\/#website\",\"url\":\"https:\\\/\\\/auriga-medica.ch\\\/\",\"name\":\"Auriga Medica\",\"description\":\"\",\"potentialAction\":[{\"@type\":\"SearchAction\",\"target\":{\"@type\":\"EntryPoint\",\"urlTemplate\":\"https:\\\/\\\/auriga-medica.ch\\\/?s={search_term_string}\"},\"query-input\":{\"@type\":\"PropertyValueSpecification\",\"valueRequired\":true,\"valueName\":\"search_term_string\"}}],\"inLanguage\":\"fr-FR\"}]}<\/script>\n<!-- \/ Yoast SEO plugin. -->","yoast_head_json":{"title":"Prestations - Auriga Medica","robots":{"index":"index","follow":"follow","max-snippet":"max-snippet:-1","max-image-preview":"max-image-preview:large","max-video-preview":"max-video-preview:-1"},"canonical":"https:\/\/auriga-medica.ch\/fr\/prestations\/","og_locale":"fr_FR","og_type":"article","og_title":"Prestations - Auriga Medica","og_description":"CH-REP \u00cates-vous un fabricant \u00e9tranger de dispositifs m\u00e9dicaux et souhaitez proposer vos produits sur le march\u00e9 suisse ? Pour cela, vous avez besoin d&rsquo;un repr\u00e9sentant autoris\u00e9 en Suisse (CH-REP) qui agit en tant que votre repr\u00e9sentant l\u00e9gal en Suisse et r\u00e9pond aux exigences r\u00e9glementaires. En tant que repr\u00e9sentant autoris\u00e9 par l&rsquo;Agence suisse des produits th\u00e9rapeutiques (Swissmedic), nous vous offrons un soutien complet pour garantir une entr\u00e9e sur le march\u00e9 suisse fluide et r\u00e9ussie. Forts de notre longue exp\u00e9rience et de [&hellip;]","og_url":"https:\/\/auriga-medica.ch\/fr\/prestations\/","og_site_name":"Auriga Medica","article_modified_time":"2025-02-11T16:42:16+00:00","twitter_card":"summary_large_image","twitter_misc":{"Dur\u00e9e de lecture estim\u00e9e":"1 minute"},"schema":{"@context":"https:\/\/schema.org","@graph":[{"@type":"WebPage","@id":"https:\/\/auriga-medica.ch\/fr\/prestations\/","url":"https:\/\/auriga-medica.ch\/fr\/prestations\/","name":"Prestations - Auriga Medica","isPartOf":{"@id":"https:\/\/auriga-medica.ch\/#website"},"datePublished":"2025-01-27T13:43:16+00:00","dateModified":"2025-02-11T16:42:16+00:00","breadcrumb":{"@id":"https:\/\/auriga-medica.ch\/fr\/prestations\/#breadcrumb"},"inLanguage":"fr-FR","potentialAction":[{"@type":"ReadAction","target":["https:\/\/auriga-medica.ch\/fr\/prestations\/"]}]},{"@type":"BreadcrumbList","@id":"https:\/\/auriga-medica.ch\/fr\/prestations\/#breadcrumb","itemListElement":[{"@type":"ListItem","position":1,"name":"Home","item":"https:\/\/auriga-medica.ch\/fr\/"},{"@type":"ListItem","position":2,"name":"Prestations"}]},{"@type":"WebSite","@id":"https:\/\/auriga-medica.ch\/#website","url":"https:\/\/auriga-medica.ch\/","name":"Auriga Medica","description":"","potentialAction":[{"@type":"SearchAction","target":{"@type":"EntryPoint","urlTemplate":"https:\/\/auriga-medica.ch\/?s={search_term_string}"},"query-input":{"@type":"PropertyValueSpecification","valueRequired":true,"valueName":"search_term_string"}}],"inLanguage":"fr-FR"}]}},"_links":{"self":[{"href":"https:\/\/auriga-medica.ch\/fr\/wp-json\/wp\/v2\/pages\/241","targetHints":{"allow":["GET"]}}],"collection":[{"href":"https:\/\/auriga-medica.ch\/fr\/wp-json\/wp\/v2\/pages"}],"about":[{"href":"https:\/\/auriga-medica.ch\/fr\/wp-json\/wp\/v2\/types\/page"}],"author":[{"embeddable":true,"href":"https:\/\/auriga-medica.ch\/fr\/wp-json\/wp\/v2\/users\/1"}],"replies":[{"embeddable":true,"href":"https:\/\/auriga-medica.ch\/fr\/wp-json\/wp\/v2\/comments?post=241"}],"version-history":[{"count":1,"href":"https:\/\/auriga-medica.ch\/fr\/wp-json\/wp\/v2\/pages\/241\/revisions"}],"predecessor-version":[{"id":242,"href":"https:\/\/auriga-medica.ch\/fr\/wp-json\/wp\/v2\/pages\/241\/revisions\/242"}],"wp:attachment":[{"href":"https:\/\/auriga-medica.ch\/fr\/wp-json\/wp\/v2\/media?parent=241"}],"curies":[{"name":"wp","href":"https:\/\/api.w.org\/{rel}","templated":true}]}}