{"id":235,"date":"2025-01-27T14:42:39","date_gmt":"2025-01-27T13:42:39","guid":{"rendered":"https:\/\/www.laich-medical.ch\/produits\/"},"modified":"2025-02-11T17:14:04","modified_gmt":"2025-02-11T16:14:04","slug":"produits","status":"publish","type":"page","link":"https:\/\/auriga-medica.ch\/fr\/produits\/","title":{"rendered":"Produits"},"content":{"rendered":"\n<p>D\u00e9couvrez nos appareils modernes pour la th\u00e9rapie par ondes de choc et l&rsquo;orthop\u00e9die. Avec des technologies innovantes et un design ergonomique, nous proposons des solutions efficaces et adapt\u00e9es aux patients pour votre cabinet ou clinique. <\/p>\n<div class=\"block-produkte\">\n\t\t<ul uk-tab>\n\t\t\t\t\t\t\t\t\t\t<li class=\"uk-active\">\n\t\t\t\t\t\t\t\t<a href=\"#tab-angiologie-fr\">\n\t\t\t\t\t\t\t\t\t\tAngiologie\t\t\t\t\t\t\t\t<\/a>\n\t\t\t\t\t\t<\/li>\n\t\t\t\t\t\t\t\t\t\t<li class=\"\">\n\t\t\t\t\t\t\t\t<a href=\"#tab-orthopaedie-fr\">\n\t\t\t\t\t\t\t\t\t\tOrthop\u00e9die\t\t\t\t\t\t\t\t<\/a>\n\t\t\t\t\t\t<\/li>\n\t\t\t\t\t\t<\/ul>\n\n\t\t<ul class=\"uk-switcher uk-margin\">\n\t\t\t\t\t\t\t\t\t\t<li id=\"tab-angiologie-fr\">\n\t\t\t\t\t\t\t\t<div class=\"uk-grid uk-child-width-1-1@m\" uk-grid>\n\t\t\t\t\t\t\t\t\t\t\t\t\t\t\t\t\t\t\t\t\t\t\t\t<div>\n\t\t\t\t\t\t\t\t\t\t\t\t\t\t\t\t<div class=\"uk-card uk-card-default uk-card-body\">\n\t\t\t\t\t\t\t\t\t\t\t\t\t\t\t\t\t<div uk-grid>\n\t\t\t\t\t\t\t\t\t\t\t\t\t\t\t\t\t\t<div class=\"uk-width-1-2@m\">\n\t\t\t\t\t\t\t\t\t\t\t\t\t\t\t\t\t\t\t\t\t\t\t\t\t\t\t\t\t\t\t\t\t\t\t\t\t\t\t<img decoding=\"async\" src=\"https:\/\/auriga-medica.ch\/wp-content\/uploads\/2025\/06\/optilia.png\" alt=\"\" \/>\n\t\t\t\t\t\t\t\t\t\t\t\t\t\t\t\t\t\t\t\t\t\t\t\t\t\t\t\t\t\t\t\t\t\t\t\t\t\t\n\t\t\t\t\t\t\t\t\t\t\t\t\t\t\t\t\t\t<\/div>\n\t\t\t\t\t\t\t\t\t\t\t\t\t\t\t\t\t\t<div class=\"uk-width-1-2@m\">\n\t\t\t\t\t\t\t\t\t\t\t\t\t\t\t\t\t\t\t<h3 class=\"uk-card-title\">Microscopie capillaire d&rsquo;Optilia<\/h3>\n\t\t\t\t\t\t\t\t\t\t\t\t\t\t\t\t\t\t\t\t\t\t\t\t\t\t\t\t\t\t\t\t\t\t\t\t\t\t\tLa microscopie capillaire est un outil de diagnostic non invasif et efficace pour \u00e9tudier les modifications microvasculaires associ\u00e9es aux maladies angiologiques et rhumatismales.\t\t\t\t\t\t\t\t\t\t\t\t\t\t\t\t\t\t\t\t\t\t\t\t\t\t\t\t\t\t\t\t\t\t\t\t\t\n\t\t\t\t\t\t\t\t\t\t\t\t\t\t\t\t\t\t<a href=\"https:\/\/auriga-medica.ch\/fr\/produkt\/microscopie-capillaire-doptilia\/\" class=\"more\">D\u00e9tails sur l&rsquo;appareil \u2192<\/a>\n\t\t\t\t\t\t\t\t\t\t\t\t\t\t\t\t\t<\/div>\n\t\t\t\t\t\t\t\t\t\t\t\t\t\t\t\t<\/div>\n\t\t\t\t\t\t\t\t\t\t\t\t\t\t<\/div>\n\t\t\t\t\t\t\t\t\t\t\t\t\t\t<\/div>\n\t\t\t\t\t\t\t\t\t\t\t\t\t\t\t\t\t\t\t\t\t\t\t\t\t\t<div>\n\t\t\t\t\t\t\t\t\t\t\t\t\t\t\t\t<div class=\"uk-card uk-card-default uk-card-body\">\n\t\t\t\t\t\t\t\t\t\t\t\t\t\t\t\t\t<div uk-grid>\n\t\t\t\t\t\t\t\t\t\t\t\t\t\t\t\t\t\t<div class=\"uk-width-1-2@m\">\n\t\t\t\t\t\t\t\t\t\t\t\t\t\t\t\t\t\t\t\t\t\t\t\t\t\t\t\t\t\t\t\t\t\t\t\t\t\t\t<img decoding=\"async\" src=\"https:\/\/auriga-medica.ch\/wp-content\/uploads\/2025\/01\/web_twist_diode_10w_mediacal_laser_1940nm_metrum_cryoflex.png\" alt=\"Dioden\" \/>\n\t\t\t\t\t\t\t\t\t\t\t\t\t\t\t\t\t\t\t\t\t\t\t\t\t\t\t\t\t\t\t\t\t\t\t\t\t\t\n\t\t\t\t\t\t\t\t\t\t\t\t\t\t\t\t\t\t<\/div>\n\t\t\t\t\t\t\t\t\t\t\t\t\t\t\t\t\t\t<div class=\"uk-width-1-2@m\">\n\t\t\t\t\t\t\t\t\t\t\t\t\t\t\t\t\t\t\t<h3 class=\"uk-card-title\">TWIST 1940 nm<\/h3>\n\t\t\t\t\t\t\t\t\t\t\t\t\t\t\t\t\t\t\t\t\t\t\t\t\t\t\t\t\t\t\t\t\t\t\t\t\t\t\tUn laser \u00e0 diode de pointe sp\u00e9cialement con\u00e7u pour le traitement des varices (EVLT). Il associe des technologies innovantes \u00e0 un design convivial pour permettre des interventions s\u00fbres et pratiquement indolores. Gr\u00e2ce \u00e0 son taux d&rsquo;absorption \u00e9lev\u00e9 et \u00e0 son transfert d&rsquo;\u00e9nergie efficace, le laser offre une efficacit\u00e9 de traitement sup\u00e9rieure et garantit des temps de r\u00e9cup\u00e9ration courts. Un outil id\u00e9al pour la phl\u00e9bologie moderne qui s\u00e9duit autant les patients que les professionnels.   \t\t\t\t\t\t\t\t\t\t\t\t\t\t\t\t\t\t\t\t\t\t\t\t\t\t\t\t\t\t\t\t\t\t\t\t\t\n\t\t\t\t\t\t\t\t\t\t\t\t\t\t\t\t\t\t<a href=\"https:\/\/auriga-medica.ch\/fr\/produkt\/twist-1940-nm\/\" class=\"more\">D\u00e9tails sur l&rsquo;appareil \u2192<\/a>\n\t\t\t\t\t\t\t\t\t\t\t\t\t\t\t\t\t<\/div>\n\t\t\t\t\t\t\t\t\t\t\t\t\t\t\t\t<\/div>\n\t\t\t\t\t\t\t\t\t\t\t\t\t\t<\/div>\n\t\t\t\t\t\t\t\t\t\t\t\t\t\t<\/div>\n\t\t\t\t\t\t\t\t\t\t\t\t\t\t\t\t\t\t\t\t\t\t\t\t\t\t<div>\n\t\t\t\t\t\t\t\t\t\t\t\t\t\t\t\t<div class=\"uk-card uk-card-default uk-card-body\">\n\t\t\t\t\t\t\t\t\t\t\t\t\t\t\t\t\t<div uk-grid>\n\t\t\t\t\t\t\t\t\t\t\t\t\t\t\t\t\t\t<div class=\"uk-width-1-2@m\">\n\t\t\t\t\t\t\t\t\t\t\t\t\t\t\t\t\t\t\t\t\t\t\t\t\t\t\t\t\t\t\t\t\t\t\t\t\t\t\t<img decoding=\"async\" src=\"https:\/\/auriga-medica.ch\/wp-content\/uploads\/2025\/01\/ange-pro8.png\" alt=\"AngE Pro 8 kardiovaskul\u00e4res screening\" \/>\n\t\t\t\t\t\t\t\t\t\t\t\t\t\t\t\t\t\t\t\t\t\t\t\t\t\t\t\t\t\t\t\t\t\t\t\t\t\t\n\t\t\t\t\t\t\t\t\t\t\t\t\t\t\t\t\t\t<\/div>\n\t\t\t\t\t\t\t\t\t\t\t\t\t\t\t\t\t\t<div class=\"uk-width-1-2@m\">\n\t\t\t\t\t\t\t\t\t\t\t\t\t\t\t\t\t\t\t<h3 class=\"uk-card-title\">AngE Pro 8<\/h3>\n\t\t\t\t\t\t\t\t\t\t\t\t\t\t\t\t\t\t\t\t\t\t\t\t\t\t\t\t\t\t\t\t\t\t\t\t\t\t\tL&rsquo;AngE Pro 8 permet une \u00e9valuation cardiovasculaire en seulement deux minutes gr\u00e2ce \u00e0 une oscillographie puls\u00e9e simultan\u00e9e \u00e0 4 canaux au niveau des bras et des chevilles. Il mesure divers param\u00e8tres tels que l&rsquo;indice tibio-brachial (ABI), la vitesse d&rsquo;onde de pouls (PWG) et l&rsquo;indice d&rsquo;onde de pouls (PWI), ind\u00e9pendamment de la pression art\u00e9rielle et de la calcification art\u00e9rielle. L&rsquo;appareil est compatible avec macOS et Windows et convient au diagnostic de pathologies telles que l&rsquo;AOMI (art\u00e9riopathie oblit\u00e9rante des membres inf\u00e9rieurs), la rigidit\u00e9 art\u00e9rielle et les troubles du rythme cardiaque.  \t\t\t\t\t\t\t\t\t\t\t\t\t\t\t\t\t\t\t\t\t\t\t\t\t\t\t\t\t\t\t\t\t\t\t\t\t\n\t\t\t\t\t\t\t\t\t\t\t\t\t\t\t\t\t\t<a href=\"https:\/\/auriga-medica.ch\/fr\/produkt\/ange-pro-8\/\" class=\"more\">D\u00e9tails sur l&rsquo;appareil \u2192<\/a>\n\t\t\t\t\t\t\t\t\t\t\t\t\t\t\t\t\t<\/div>\n\t\t\t\t\t\t\t\t\t\t\t\t\t\t\t\t<\/div>\n\t\t\t\t\t\t\t\t\t\t\t\t\t\t<\/div>\n\t\t\t\t\t\t\t\t\t\t\t\t\t\t<\/div>\n\t\t\t\t\t\t\t\t\t\t\t\t\t\t\t\t\t\t\t\t\t\t\t\t\t\t<div>\n\t\t\t\t\t\t\t\t\t\t\t\t\t\t\t\t<div class=\"uk-card uk-card-default uk-card-body\">\n\t\t\t\t\t\t\t\t\t\t\t\t\t\t\t\t\t<div uk-grid>\n\t\t\t\t\t\t\t\t\t\t\t\t\t\t\t\t\t\t<div class=\"uk-width-1-2@m\">\n\t\t\t\t\t\t\t\t\t\t\t\t\t\t\t\t\t\t\t\t\t\t\t\t\t\t\t\t\t\t\t\t\t\t\t\t\t\t\t<img decoding=\"async\" src=\"https:\/\/auriga-medica.ch\/wp-content\/uploads\/2025\/01\/ange-pro4.png\" alt=\"AngE Pro 4 kardiovaskul\u00e4res screening\" \/>\n\t\t\t\t\t\t\t\t\t\t\t\t\t\t\t\t\t\t\t\t\t\t\t\t\t\t\t\t\t\t\t\t\t\t\t\t\t\t\n\t\t\t\t\t\t\t\t\t\t\t\t\t\t\t\t\t\t<\/div>\n\t\t\t\t\t\t\t\t\t\t\t\t\t\t\t\t\t\t<div class=\"uk-width-1-2@m\">\n\t\t\t\t\t\t\t\t\t\t\t\t\t\t\t\t\t\t\t<h3 class=\"uk-card-title\">AngE Pro 4<\/h3>\n\t\t\t\t\t\t\t\t\t\t\t\t\t\t\t\t\t\t\t\t\t\t\t\t\t\t\t\t\t\t\t\t\t\t\t\t\t\t\tL&rsquo;AngE Pro 4 permet une \u00e9valuation cardiovasculaire en seulement deux minutes gr\u00e2ce \u00e0 une oscillographie puls\u00e9e simultan\u00e9e \u00e0 4 canaux au niveau des bras et des chevilles. Il mesure divers param\u00e8tres tels que l&rsquo;indice tibio-brachial (ABI), la vitesse d&rsquo;onde de pouls (PWG) et l&rsquo;indice d&rsquo;onde de pouls (PWI), ind\u00e9pendamment de la pression art\u00e9rielle et de la calcification art\u00e9rielle. L&rsquo;appareil est compatible avec macOS et Windows et convient au diagnostic de pathologies telles que l&rsquo;AOMI (art\u00e9riopathie oblit\u00e9rante des membres inf\u00e9rieurs), la rigidit\u00e9 art\u00e9rielle et les troubles du rythme cardiaque.  \t\t\t\t\t\t\t\t\t\t\t\t\t\t\t\t\t\t\t\t\t\t\t\t\t\t\t\t\t\t\t\t\t\t\t\t\t\n\t\t\t\t\t\t\t\t\t\t\t\t\t\t\t\t\t\t<a href=\"https:\/\/auriga-medica.ch\/fr\/produkt\/ange-pro-4\/\" class=\"more\">D\u00e9tails sur l&rsquo;appareil \u2192<\/a>\n\t\t\t\t\t\t\t\t\t\t\t\t\t\t\t\t\t<\/div>\n\t\t\t\t\t\t\t\t\t\t\t\t\t\t\t\t<\/div>\n\t\t\t\t\t\t\t\t\t\t\t\t\t\t<\/div>\n\t\t\t\t\t\t\t\t\t\t\t\t\t\t<\/div>\n\t\t\t\t\t\t\t\t\t\t\t\t\t\t\t\t\t\t\t\t<\/div>\n\t\t\t\t\t\t<\/li>\n\t\t\t\t\t\t\t\t\t\t<li id=\"tab-orthopaedie-fr\">\n\t\t\t\t\t\t\t\t<div class=\"uk-grid uk-child-width-1-1@m\" uk-grid>\n\t\t\t\t\t\t\t\t\t\t\t\t\t\t\t\t\t\t\t\t\t\t\t\t<div>\n\t\t\t\t\t\t\t\t\t\t\t\t\t\t\t\t<div class=\"uk-card uk-card-default uk-card-body\">\n\t\t\t\t\t\t\t\t\t\t\t\t\t\t\t\t\t<div uk-grid>\n\t\t\t\t\t\t\t\t\t\t\t\t\t\t\t\t\t\t<div class=\"uk-width-1-2@m\">\n\t\t\t\t\t\t\t\t\t\t\t\t\t\t\t\t\t\t\t\t\t\t\t\t\t\t\t\t\t\t\t\t\t\t\t\t\t\t\t<img decoding=\"async\" src=\"https:\/\/auriga-medica.ch\/wp-content\/uploads\/2025\/01\/2i-armed.png\" alt=\"Likawave Vario 2i Stosswellentherapieger\u00e4t\" \/>\n\t\t\t\t\t\t\t\t\t\t\t\t\t\t\t\t\t\t\t\t\t\t\t\t\t\t\t\t\t\t\t\t\t\t\t\t\t\t\n\t\t\t\t\t\t\t\t\t\t\t\t\t\t\t\t\t\t<\/div>\n\t\t\t\t\t\t\t\t\t\t\t\t\t\t\t\t\t\t<div class=\"uk-width-1-2@m\">\n\t\t\t\t\t\t\t\t\t\t\t\t\t\t\t\t\t\t\t<h3 class=\"uk-card-title\">LiKAWAVE\u00ae VARIO 2i<\/h3>\n\t\t\t\t\t\t\t\t\t\t\t\t\t\t\t\t\t\t\t\t\t\t\t\t\t\t\t\t\t\t\t\t\t\t\t\t\t\t\tLe LiKAWAVE\u00ae VARIO 2i est un appareil innovant de th\u00e9rapie par ondes de choc qui offre une entr\u00e9e facile dans la classe moderne des appareils ESWT. Il a \u00e9t\u00e9 sp\u00e9cialement d\u00e9velopp\u00e9 pour une application conviviale, combinant une th\u00e9rapie efficace avec toutes les fonctions de base pertinentes et les principaux avantages ergonomiques de la famille i. Gr\u00e2ce \u00e0 sa technologie \u00e0 haute \u00e9nergie \u00ab\u00a0Wide Focussing\u00a0\u00bb, il g\u00e9n\u00e8re un foyer de surface permettant un traitement pr\u00e9cis et en profondeur. Le projectile en c\u00e9ramique HD assure des niveaux d&rsquo;\u00e9nergie plus \u00e9lev\u00e9s et des traitements plus confortables, ce qui am\u00e9liore la tol\u00e9rance \u00e0 la douleur des patients.   \t\t\t\t\t\t\t\t\t\t\t\t\t\t\t\t\t\t\t\t\t\t\t\t\t\t\t\t\t\t\t\t\t\t\t\t\t\n\t\t\t\t\t\t\t\t\t\t\t\t\t\t\t\t\t\t<a href=\"https:\/\/auriga-medica.ch\/fr\/produkt\/likawave-vario-2i\/\" class=\"more\">D\u00e9tails sur l&rsquo;appareil \u2192<\/a>\n\t\t\t\t\t\t\t\t\t\t\t\t\t\t\t\t\t<\/div>\n\t\t\t\t\t\t\t\t\t\t\t\t\t\t\t\t<\/div>\n\t\t\t\t\t\t\t\t\t\t\t\t\t\t<\/div>\n\t\t\t\t\t\t\t\t\t\t\t\t\t\t<\/div>\n\t\t\t\t\t\t\t\t\t\t\t\t\t\t\t\t\t\t\t\t\t\t\t\t\t\t<div>\n\t\t\t\t\t\t\t\t\t\t\t\t\t\t\t\t<div class=\"uk-card uk-card-default uk-card-body\">\n\t\t\t\t\t\t\t\t\t\t\t\t\t\t\t\t\t<div uk-grid>\n\t\t\t\t\t\t\t\t\t\t\t\t\t\t\t\t\t\t<div class=\"uk-width-1-2@m\">\n\t\t\t\t\t\t\t\t\t\t\t\t\t\t\t\t\t\t\t\t\t\t\t\t\t\t\t\t\t\t\t\t\t\t\t\t\t\t\t<img decoding=\"async\" src=\"https:\/\/auriga-medica.ch\/wp-content\/uploads\/2025\/01\/csm_LiKAWAVE-VARIO-3i-right_20fdf89eb1.png\" alt=\"vario 3i stosswellentherapie \" \/>\n\t\t\t\t\t\t\t\t\t\t\t\t\t\t\t\t\t\t\t\t\t\t\t\t\t\t\t\t\t\t\t\t\t\t\t\t\t\t\n\t\t\t\t\t\t\t\t\t\t\t\t\t\t\t\t\t\t<\/div>\n\t\t\t\t\t\t\t\t\t\t\t\t\t\t\t\t\t\t<div class=\"uk-width-1-2@m\">\n\t\t\t\t\t\t\t\t\t\t\t\t\t\t\t\t\t\t\t<h3 class=\"uk-card-title\">LiKAWAVE\u00ae VARIO 3i<\/h3>\n\t\t\t\t\t\t\t\t\t\t\t\t\t\t\t\t\t\t\t\t\t\t\t\t\t\t\t\t\t\t\t\t\t\t\t\t\t\t\tLe LiKAWAVE\u00ae VARIO 3i est un appareil de th\u00e9rapie par ondes de choc haut de gamme d\u00e9velopp\u00e9 en collaboration avec des orthop\u00e9distes. Il offre une th\u00e9rapie respectueuse des cellules pour des applications en cicatrisation, m\u00e9decine sportive et cosm\u00e9tique. L&rsquo;appareil se distingue par son ergonomie et ses technologies innovantes, telles que la source d&rsquo;impulsion \u00ab\u00a0Wide Focussing\u00a0\u00bb et les projectiles en c\u00e9ramique HD, permettant un traitement efficace m\u00eame dans les couches de tissus plus profondes.  \t\t\t\t\t\t\t\t\t\t\t\t\t\t\t\t\t\t\t\t\t\t\t\t\t\t\t\t\t\t\t\t\t\t\t\t\t\n\t\t\t\t\t\t\t\t\t\t\t\t\t\t\t\t\t\t<a href=\"https:\/\/auriga-medica.ch\/fr\/produkt\/likawave-vario-3i\/\" class=\"more\">D\u00e9tails sur l&rsquo;appareil \u2192<\/a>\n\t\t\t\t\t\t\t\t\t\t\t\t\t\t\t\t\t<\/div>\n\t\t\t\t\t\t\t\t\t\t\t\t\t\t\t\t<\/div>\n\t\t\t\t\t\t\t\t\t\t\t\t\t\t<\/div>\n\t\t\t\t\t\t\t\t\t\t\t\t\t\t<\/div>\n\t\t\t\t\t\t\t\t\t\t\t\t\t\t\t\t\t\t\t\t<\/div>\n\t\t\t\t\t\t<\/li>\n\t\t\t\t\t\t<\/ul>\n\n<\/div>","protected":false},"excerpt":{"rendered":"D\u00e9couvrez nos appareils modernes pour la th\u00e9rapie par ondes de choc et l&rsquo;orthop\u00e9die. Avec des technologies innovantes et un design ergonomique, nous proposons des solutions efficaces et adapt\u00e9es aux patients pour votre cabinet ou clinique.","protected":false},"author":1,"featured_media":0,"parent":0,"menu_order":0,"comment_status":"closed","ping_status":"closed","template":"","meta":{"_acf_changed":false,"footnotes":""},"class_list":["post-235","page","type-page","status-publish","hentry"],"acf":[],"yoast_head":"<!-- This site is optimized with the Yoast SEO plugin v27.5 - https:\/\/yoast.com\/product\/yoast-seo-wordpress\/ -->\n<title>Produits - Auriga Medica<\/title>\n<meta name=\"robots\" content=\"index, follow, max-snippet:-1, max-image-preview:large, max-video-preview:-1\" \/>\n<link rel=\"canonical\" href=\"https:\/\/auriga-medica.ch\/fr\/produits\/\" \/>\n<meta property=\"og:locale\" content=\"fr_FR\" \/>\n<meta property=\"og:type\" content=\"article\" \/>\n<meta property=\"og:title\" content=\"Produits - Auriga Medica\" \/>\n<meta property=\"og:description\" content=\"D\u00e9couvrez nos appareils modernes pour la th\u00e9rapie par ondes de choc et l&rsquo;orthop\u00e9die. Avec des technologies innovantes et un design ergonomique, nous proposons des solutions efficaces et adapt\u00e9es aux patients pour votre cabinet ou clinique.\" \/>\n<meta property=\"og:url\" content=\"https:\/\/auriga-medica.ch\/fr\/produits\/\" \/>\n<meta property=\"og:site_name\" content=\"Auriga Medica\" \/>\n<meta property=\"article:modified_time\" content=\"2025-02-11T16:14:04+00:00\" \/>\n<meta name=\"twitter:card\" content=\"summary_large_image\" \/>\n<script type=\"application\/ld+json\" class=\"yoast-schema-graph\">{\"@context\":\"https:\\\/\\\/schema.org\",\"@graph\":[{\"@type\":\"WebPage\",\"@id\":\"https:\\\/\\\/auriga-medica.ch\\\/fr\\\/produits\\\/\",\"url\":\"https:\\\/\\\/auriga-medica.ch\\\/fr\\\/produits\\\/\",\"name\":\"Produits - Auriga Medica\",\"isPartOf\":{\"@id\":\"https:\\\/\\\/auriga-medica.ch\\\/#website\"},\"datePublished\":\"2025-01-27T13:42:39+00:00\",\"dateModified\":\"2025-02-11T16:14:04+00:00\",\"breadcrumb\":{\"@id\":\"https:\\\/\\\/auriga-medica.ch\\\/fr\\\/produits\\\/#breadcrumb\"},\"inLanguage\":\"fr-FR\",\"potentialAction\":[{\"@type\":\"ReadAction\",\"target\":[\"https:\\\/\\\/auriga-medica.ch\\\/fr\\\/produits\\\/\"]}]},{\"@type\":\"BreadcrumbList\",\"@id\":\"https:\\\/\\\/auriga-medica.ch\\\/fr\\\/produits\\\/#breadcrumb\",\"itemListElement\":[{\"@type\":\"ListItem\",\"position\":1,\"name\":\"Home\",\"item\":\"https:\\\/\\\/auriga-medica.ch\\\/fr\\\/\"},{\"@type\":\"ListItem\",\"position\":2,\"name\":\"Produits\"}]},{\"@type\":\"WebSite\",\"@id\":\"https:\\\/\\\/auriga-medica.ch\\\/#website\",\"url\":\"https:\\\/\\\/auriga-medica.ch\\\/\",\"name\":\"Auriga Medica\",\"description\":\"\",\"potentialAction\":[{\"@type\":\"SearchAction\",\"target\":{\"@type\":\"EntryPoint\",\"urlTemplate\":\"https:\\\/\\\/auriga-medica.ch\\\/?s={search_term_string}\"},\"query-input\":{\"@type\":\"PropertyValueSpecification\",\"valueRequired\":true,\"valueName\":\"search_term_string\"}}],\"inLanguage\":\"fr-FR\"}]}<\/script>\n<!-- \/ Yoast SEO plugin. -->","yoast_head_json":{"title":"Produits - Auriga Medica","robots":{"index":"index","follow":"follow","max-snippet":"max-snippet:-1","max-image-preview":"max-image-preview:large","max-video-preview":"max-video-preview:-1"},"canonical":"https:\/\/auriga-medica.ch\/fr\/produits\/","og_locale":"fr_FR","og_type":"article","og_title":"Produits - Auriga Medica","og_description":"D\u00e9couvrez nos appareils modernes pour la th\u00e9rapie par ondes de choc et l&rsquo;orthop\u00e9die. Avec des technologies innovantes et un design ergonomique, nous proposons des solutions efficaces et adapt\u00e9es aux patients pour votre cabinet ou clinique.","og_url":"https:\/\/auriga-medica.ch\/fr\/produits\/","og_site_name":"Auriga Medica","article_modified_time":"2025-02-11T16:14:04+00:00","twitter_card":"summary_large_image","schema":{"@context":"https:\/\/schema.org","@graph":[{"@type":"WebPage","@id":"https:\/\/auriga-medica.ch\/fr\/produits\/","url":"https:\/\/auriga-medica.ch\/fr\/produits\/","name":"Produits - Auriga Medica","isPartOf":{"@id":"https:\/\/auriga-medica.ch\/#website"},"datePublished":"2025-01-27T13:42:39+00:00","dateModified":"2025-02-11T16:14:04+00:00","breadcrumb":{"@id":"https:\/\/auriga-medica.ch\/fr\/produits\/#breadcrumb"},"inLanguage":"fr-FR","potentialAction":[{"@type":"ReadAction","target":["https:\/\/auriga-medica.ch\/fr\/produits\/"]}]},{"@type":"BreadcrumbList","@id":"https:\/\/auriga-medica.ch\/fr\/produits\/#breadcrumb","itemListElement":[{"@type":"ListItem","position":1,"name":"Home","item":"https:\/\/auriga-medica.ch\/fr\/"},{"@type":"ListItem","position":2,"name":"Produits"}]},{"@type":"WebSite","@id":"https:\/\/auriga-medica.ch\/#website","url":"https:\/\/auriga-medica.ch\/","name":"Auriga Medica","description":"","potentialAction":[{"@type":"SearchAction","target":{"@type":"EntryPoint","urlTemplate":"https:\/\/auriga-medica.ch\/?s={search_term_string}"},"query-input":{"@type":"PropertyValueSpecification","valueRequired":true,"valueName":"search_term_string"}}],"inLanguage":"fr-FR"}]}},"_links":{"self":[{"href":"https:\/\/auriga-medica.ch\/fr\/wp-json\/wp\/v2\/pages\/235","targetHints":{"allow":["GET"]}}],"collection":[{"href":"https:\/\/auriga-medica.ch\/fr\/wp-json\/wp\/v2\/pages"}],"about":[{"href":"https:\/\/auriga-medica.ch\/fr\/wp-json\/wp\/v2\/types\/page"}],"author":[{"embeddable":true,"href":"https:\/\/auriga-medica.ch\/fr\/wp-json\/wp\/v2\/users\/1"}],"replies":[{"embeddable":true,"href":"https:\/\/auriga-medica.ch\/fr\/wp-json\/wp\/v2\/comments?post=235"}],"version-history":[{"count":1,"href":"https:\/\/auriga-medica.ch\/fr\/wp-json\/wp\/v2\/pages\/235\/revisions"}],"predecessor-version":[{"id":236,"href":"https:\/\/auriga-medica.ch\/fr\/wp-json\/wp\/v2\/pages\/235\/revisions\/236"}],"wp:attachment":[{"href":"https:\/\/auriga-medica.ch\/fr\/wp-json\/wp\/v2\/media?parent=235"}],"curies":[{"name":"wp","href":"https:\/\/api.w.org\/{rel}","templated":true}]}}